{"id":640,"date":"2020-04-29T23:51:44","date_gmt":"2020-04-29T21:51:44","guid":{"rendered":"https:\/\/dentiste-ophain.be\/?page_id=640"},"modified":"2020-05-03T15:25:59","modified_gmt":"2020-05-03T13:25:59","slug":"orthodontie-invisible","status":"publish","type":"page","link":"https:\/\/cabinetdupesage.be\/index.php\/orthodontie-invisible\/","title":{"rendered":"Orthodontie invisible"},"content":{"rendered":"\n<figure class=\"wp-block-image size-large\"><img loading=\"lazy\" decoding=\"async\" width=\"299\" height=\"208\" src=\"http:\/\/cabinetdupesage.be\/wp-content\/uploads\/2020\/04\/orthodontie-u4461-fr-1.jpg\" alt=\"\" class=\"wp-image-728\"\/><figcaption>La personne de gauche porte un appareil classique, celle de droite une goutti\u00e8re transparente<\/figcaption><\/figure>\n\n\n\n<div style=\"height:100px\" aria-hidden=\"true\" class=\"wp-block-spacer\"><\/div>\n\n\n\n<h3 class=\"wp-block-heading\">Pourquoi envisager un traitement d\u2019orthodontie?<\/h3>\n\n\n\n<ul class=\"wp-block-list\"><li>Pour corriger un sourire inesth\u00e9tique<\/li><li>Pour diminuer le risque de carie et de probl\u00e8mes de gencive<\/li><li>Pour am\u00e9liorer la mastication et l\u2019\u00e9locution<\/li><\/ul>\n\n\n\n<h3 class=\"wp-block-heading\">Avec quel type d&rsquo;appareil ?<\/h3>\n\n\n\n<p>Avec des goutti\u00e8res transparentes amovibles<\/p>\n\n\n\n<h3 class=\"wp-block-heading\">A quel \u00e2ge ?<\/h3>\n\n\n\n<p>Le d\u00e9placement des dents est possible \u00e0 tout \u00e2ge, mais les goutti\u00e8res invisibles sont r\u00e9serv\u00e9es aux adultes<\/p>\n","protected":false},"excerpt":{"rendered":"<p>Pourquoi envisager un traitement d\u2019orthodontie? Pour corriger un sourire inesth\u00e9tique Pour diminuer le risque de carie et de probl\u00e8mes de [&hellip;]<\/p>\n","protected":false},"author":1,"featured_media":0,"parent":0,"menu_order":0,"comment_status":"closed","ping_status":"closed","template":"","meta":{"om_disable_all_campaigns":false,"_lmt_disableupdate":"","_lmt_disable":"","_monsterinsights_skip_tracking":false,"_monsterinsights_sitenote_active":false,"_monsterinsights_sitenote_note":"","_monsterinsights_sitenote_category":0,"_uf_show_specific_survey":0,"_uf_disable_surveys":false,"footnotes":""},"class_list":["post-640","page","type-page","status-publish","hentry"],"_links":{"self":[{"href":"https:\/\/cabinetdupesage.be\/index.php\/wp-json\/wp\/v2\/pages\/640","targetHints":{"allow":["GET"]}}],"collection":[{"href":"https:\/\/cabinetdupesage.be\/index.php\/wp-json\/wp\/v2\/pages"}],"about":[{"href":"https:\/\/cabinetdupesage.be\/index.php\/wp-json\/wp\/v2\/types\/page"}],"author":[{"embeddable":true,"href":"https:\/\/cabinetdupesage.be\/index.php\/wp-json\/wp\/v2\/users\/1"}],"replies":[{"embeddable":true,"href":"https:\/\/cabinetdupesage.be\/index.php\/wp-json\/wp\/v2\/comments?post=640"}],"version-history":[{"count":2,"href":"https:\/\/cabinetdupesage.be\/index.php\/wp-json\/wp\/v2\/pages\/640\/revisions"}],"predecessor-version":[{"id":1212,"href":"https:\/\/cabinetdupesage.be\/index.php\/wp-json\/wp\/v2\/pages\/640\/revisions\/1212"}],"wp:attachment":[{"href":"https:\/\/cabinetdupesage.be\/index.php\/wp-json\/wp\/v2\/media?parent=640"}],"curies":[{"name":"wp","href":"https:\/\/api.w.org\/{rel}","templated":true}]}}