{"id":624,"date":"2020-04-29T23:25:12","date_gmt":"2020-04-29T21:25:12","guid":{"rendered":"https:\/\/dentiste-ophain.be\/?page_id=624"},"modified":"2020-05-03T17:18:39","modified_gmt":"2020-05-03T15:18:39","slug":"prevention-dentaire","status":"publish","type":"page","link":"https:\/\/cabinetdupesage.be\/index.php\/prevention-dentaire\/","title":{"rendered":"Pr\u00e9vention dentaire"},"content":{"rendered":"\n<div class=\"wp-block-media-text alignwide is-stacked-on-mobile\"><figure class=\"wp-block-media-text__media\"><img loading=\"lazy\" decoding=\"async\" width=\"280\" height=\"180\" src=\"http:\/\/cabinetdupesage.be\/wp-content\/uploads\/2020\/04\/tooth_decay_serious_disease_deamonte_driver-u1639-fr.jpg\" alt=\"\" class=\"wp-image-173\"\/><\/figure><div class=\"wp-block-media-text__content\">\n<p>&nbsp;de 60 \u00e0 90% des enfants scolaris\u00e9s dans le monde et pr\u00e8s de 100% des adultes ont des caries<\/p>\n<\/div><\/div>\n\n\n\n<div style=\"height:100px\" aria-hidden=\"true\" class=\"wp-block-spacer\"><\/div>\n\n\n\n<div class=\"wp-block-media-text alignwide is-stacked-on-mobile\"><figure class=\"wp-block-media-text__media\"><img loading=\"lazy\" decoding=\"async\" width=\"320\" height=\"180\" src=\"http:\/\/cabinetdupesage.be\/wp-content\/uploads\/2020\/04\/gencives-u4142-fr.jpg\" alt=\"\" class=\"wp-image-93\" srcset=\"https:\/\/cabinetdupesage.be\/wp-content\/uploads\/2020\/04\/gencives-u4142-fr.jpg 320w, https:\/\/cabinetdupesage.be\/wp-content\/uploads\/2020\/04\/gencives-u4142-fr-300x169.jpg 300w\" sizes=\"auto, (max-width: 320px) 100vw, 320px\" \/><\/figure><div class=\"wp-block-media-text__content\">\n<p class=\"has-normal-font-size\">15 \u00e0 20% des adultes d\u2019\u00e2ge moyen (35-44 ans) ont des probl\u00e8mes de gencives s\u00e9v\u00e8res pouvant entra\u00eener la perte des dents<\/p>\n<\/div><\/div>\n\n\n\n<div style=\"height:100px\" aria-hidden=\"true\" class=\"wp-block-spacer\"><\/div>\n\n\n\n<div class=\"wp-block-media-text alignwide is-stacked-on-mobile\"><figure class=\"wp-block-media-text__media\"><img loading=\"lazy\" decoding=\"async\" width=\"540\" height=\"360\" src=\"http:\/\/cabinetdupesage.be\/wp-content\/uploads\/2020\/04\/dentier-u1647-fr_2x.jpg\" alt=\"\" class=\"wp-image-310\" srcset=\"https:\/\/cabinetdupesage.be\/wp-content\/uploads\/2020\/04\/dentier-u1647-fr_2x.jpg 540w, https:\/\/cabinetdupesage.be\/wp-content\/uploads\/2020\/04\/dentier-u1647-fr_2x-300x200.jpg 300w\" sizes=\"auto, (max-width: 540px) 100vw, 540px\" \/><\/figure><div class=\"wp-block-media-text__content\">\n<p>30% des personnes de 65 \u00e0 74 ans n\u2019ont plus de dents naturelles<\/p>\n<\/div><\/div>\n\n\n\n<div style=\"height:100px\" aria-hidden=\"true\" class=\"wp-block-spacer\"><\/div>\n\n\n\n<h3 class=\"wp-block-heading\">Afin d\u2019\u00e9viter ce triste constat, nous pouvons agir en :<\/h3>\n\n\n\n<div class=\"wp-block-media-text alignwide is-stacked-on-mobile\"><figure class=\"wp-block-media-text__media\"><img loading=\"lazy\" decoding=\"async\" width=\"296\" height=\"197\" src=\"http:\/\/cabinetdupesage.be\/wp-content\/uploads\/2020\/04\/1526008_xl_dentisterie-u4152-fr_2x.jpg\" alt=\"\" class=\"wp-image-191\"\/><\/figure><div class=\"wp-block-media-text__content\">\n<p class=\"has-normal-font-size\">D\u00e9tectant les probl\u00e8mes de mani\u00e8re pr\u00e9coce par un examen dentaire complet.<\/p>\n<\/div><\/div>\n\n\n\n<div style=\"height:100px\" aria-hidden=\"true\" class=\"wp-block-spacer\"><\/div>\n\n\n\n<div class=\"wp-block-media-text alignwide is-stacked-on-mobile\"><figure class=\"wp-block-media-text__media\"><img loading=\"lazy\" decoding=\"async\" width=\"317\" height=\"238\" src=\"http:\/\/cabinetdupesage.be\/wp-content\/uploads\/2020\/04\/cabinet-du-pesage-cedric-micheli-dentiste-ixelles-prevention-dentaire-vignette-u3820-fr.jpg\" alt=\"\" class=\"wp-image-262\" srcset=\"https:\/\/cabinetdupesage.be\/wp-content\/uploads\/2020\/04\/cabinet-du-pesage-cedric-micheli-dentiste-ixelles-prevention-dentaire-vignette-u3820-fr.jpg 317w, https:\/\/cabinetdupesage.be\/wp-content\/uploads\/2020\/04\/cabinet-du-pesage-cedric-micheli-dentiste-ixelles-prevention-dentaire-vignette-u3820-fr-300x225.jpg 300w\" sizes=\"auto, (max-width: 317px) 100vw, 317px\" \/><\/figure><div class=\"wp-block-media-text__content\">\n<p>Vous enseignant les techniques d\u2019hygi\u00e8ne bucco-dentaire adapt\u00e9es \u00e0 votre situation.<\/p>\n<\/div><\/div>\n\n\n\n<div style=\"height:100px\" aria-hidden=\"true\" class=\"wp-block-spacer\"><\/div>\n\n\n\n<div class=\"wp-block-media-text alignwide is-stacked-on-mobile\"><figure class=\"wp-block-media-text__media\"><img loading=\"lazy\" decoding=\"async\" width=\"230\" height=\"216\" src=\"http:\/\/cabinetdupesage.be\/wp-content\/uploads\/2020\/04\/fruits-u4149-fr_2x.jpg\" alt=\"\" class=\"wp-image-90\"\/><\/figure><div class=\"wp-block-media-text__content\">\n<p class=\"has-normal-font-size\">Analysant votre style de vie et en vous donnant des conseils sur votre ingestion de boissons et d\u2019aliments<\/p>\n<\/div><\/div>\n\n\n\n<div style=\"height:100px\" aria-hidden=\"true\" class=\"wp-block-spacer\"><\/div>\n\n\n\n<div class=\"wp-block-media-text alignwide is-stacked-on-mobile\"><figure class=\"wp-block-media-text__media\"><img loading=\"lazy\" decoding=\"async\" width=\"249\" height=\"166\" src=\"http:\/\/cabinetdupesage.be\/wp-content\/uploads\/2020\/04\/20140506010300-issalineup_evolution_blue-u1687-fr_2x.jpg\" alt=\"\" class=\"wp-image-201\"\/><\/figure><div class=\"wp-block-media-text__content\">\n<p>Vous conseillant l\u2019utilisation de l\u2019un ou l\u2019autre produit et\/ou accessoire d\u2019hygi\u00e8ne bucco-dentaire sp\u00e9cifique \u00e0 votre situation<\/p>\n<\/div><\/div>\n\n\n\n<div style=\"height:100px\" aria-hidden=\"true\" class=\"wp-block-spacer\"><\/div>\n\n\n\n<div class=\"wp-block-media-text alignwide is-stacked-on-mobile\"><figure class=\"wp-block-media-text__media\"><img loading=\"lazy\" decoding=\"async\" width=\"131\" height=\"98\" src=\"http:\/\/cabinetdupesage.be\/wp-content\/uploads\/2020\/04\/petite-carie-u4158-fr.jpg\" alt=\"\" class=\"wp-image-155\"\/><\/figure><div class=\"wp-block-media-text__content\">\n<p class=\"has-normal-font-size\">Traitant les probl\u00e8mes le plus t\u00f4t possible<\/p>\n<\/div><\/div>\n\n\n\n<div style=\"height:100px\" aria-hidden=\"true\" class=\"wp-block-spacer\"><\/div>\n\n\n\n<div class=\"wp-block-media-text alignwide is-stacked-on-mobile\"><figure class=\"wp-block-media-text__media\"><img loading=\"lazy\" decoding=\"async\" width=\"322\" height=\"166\" src=\"http:\/\/cabinetdupesage.be\/wp-content\/uploads\/2020\/04\/dental-sealants-u1689-fr_2x.jpg\" alt=\"\" class=\"wp-image-306\" srcset=\"https:\/\/cabinetdupesage.be\/wp-content\/uploads\/2020\/04\/dental-sealants-u1689-fr_2x.jpg 322w, https:\/\/cabinetdupesage.be\/wp-content\/uploads\/2020\/04\/dental-sealants-u1689-fr_2x-300x155.jpg 300w\" sizes=\"auto, (max-width: 322px) 100vw, 322px\" \/><\/figure><div class=\"wp-block-media-text__content\">\n<p>Pr\u00e9venant l\u2019apparition des caries de sillons par la pose d\u2019un vernis (sealant)<\/p>\n<\/div><\/div>\n\n\n\n<div style=\"height:100px\" aria-hidden=\"true\" class=\"wp-block-spacer\"><\/div>\n\n\n\n<div class=\"wp-block-media-text alignwide is-stacked-on-mobile\"><figure class=\"wp-block-media-text__media\"><img loading=\"lazy\" decoding=\"async\" width=\"276\" height=\"166\" src=\"http:\/\/cabinetdupesage.be\/wp-content\/uploads\/2020\/04\/fluoridetrays07-05-05-u1690-fr_2x.jpg\" alt=\"\" class=\"wp-image-80\"\/><\/figure><div class=\"wp-block-media-text__content\">\n<p>R\u00e9alisant des fluorisations au cabinet ou \u00e0 domicile<\/p>\n<\/div><\/div>\n\n\n\n<p><\/p>\n","protected":false},"excerpt":{"rendered":"<p>&nbsp;de 60 \u00e0 90% des enfants scolaris\u00e9s dans le monde et pr\u00e8s de 100% des adultes ont des caries 15 [&hellip;]<\/p>\n","protected":false},"author":1,"featured_media":0,"parent":0,"menu_order":0,"comment_status":"closed","ping_status":"closed","template":"","meta":{"om_disable_all_campaigns":false,"_lmt_disableupdate":"","_lmt_disable":"","_monsterinsights_skip_tracking":false,"_monsterinsights_sitenote_active":false,"_monsterinsights_sitenote_note":"","_monsterinsights_sitenote_category":0,"_uf_show_specific_survey":0,"_uf_disable_surveys":false,"footnotes":""},"class_list":["post-624","page","type-page","status-publish","hentry"],"_links":{"self":[{"href":"https:\/\/cabinetdupesage.be\/index.php\/wp-json\/wp\/v2\/pages\/624","targetHints":{"allow":["GET"]}}],"collection":[{"href":"https:\/\/cabinetdupesage.be\/index.php\/wp-json\/wp\/v2\/pages"}],"about":[{"href":"https:\/\/cabinetdupesage.be\/index.php\/wp-json\/wp\/v2\/types\/page"}],"author":[{"embeddable":true,"href":"https:\/\/cabinetdupesage.be\/index.php\/wp-json\/wp\/v2\/users\/1"}],"replies":[{"embeddable":true,"href":"https:\/\/cabinetdupesage.be\/index.php\/wp-json\/wp\/v2\/comments?post=624"}],"version-history":[{"count":8,"href":"https:\/\/cabinetdupesage.be\/index.php\/wp-json\/wp\/v2\/pages\/624\/revisions"}],"predecessor-version":[{"id":1263,"href":"https:\/\/cabinetdupesage.be\/index.php\/wp-json\/wp\/v2\/pages\/624\/revisions\/1263"}],"wp:attachment":[{"href":"https:\/\/cabinetdupesage.be\/index.php\/wp-json\/wp\/v2\/media?parent=624"}],"curies":[{"name":"wp","href":"https:\/\/api.w.org\/{rel}","templated":true}]}}