{"id":618,"date":"2020-04-29T23:04:44","date_gmt":"2020-04-29T21:04:44","guid":{"rendered":"https:\/\/dentiste-ophain.be\/?page_id=618"},"modified":"2020-04-29T23:04:44","modified_gmt":"2020-04-29T21:04:44","slug":"technologie-cerec","status":"publish","type":"page","link":"https:\/\/cabinetdupesage.be\/index.php\/technologie-cerec\/","title":{"rendered":"Technologie Cerec"},"content":{"rendered":"\n<h2 class=\"wp-block-heading\">Qu\u2019est-ce que le CEREC ?<\/h2>\n\n\n\n<p>Le Cerec est une technologie permettant de r\u00e9aliser via une empreinte optique, une mod\u00e9lisation 3D et un usinage, diverses restaurations enti\u00e8rement en c\u00e9ramique.<\/p>\n\n\n\n<figure class=\"wp-block-embed-youtube wp-block-embed is-type-video is-provider-youtube wp-embed-aspect-16-9 wp-has-aspect-ratio\"><div class=\"wp-block-embed__wrapper\">\n<iframe loading=\"lazy\" title=\"CEREC MC XL in Slow Motion - The Art of Digital Dentistry\" width=\"680\" height=\"383\" src=\"https:\/\/www.youtube.com\/embed\/lGbllSvLluA?feature=oembed\" frameborder=\"0\" allow=\"accelerometer; autoplay; encrypted-media; gyroscope; picture-in-picture\" allowfullscreen><\/iframe>\n<\/div><\/figure>\n\n\n\n<h2 class=\"wp-block-heading\">Quels sont les avantages de cette technologie ?<\/h2>\n\n\n\n<ul class=\"wp-block-list\"><li>Les restaurations sont enti\u00e8rement en c\u00e9ramique et donc exemptes de m\u00e9tal<\/li><li>L\u2019empreinte est optique; on ne met donc pas de mat\u00e9riau d\u2019empreinte en bouche<\/li><li>La proth\u00e8se est mod\u00e9lis\u00e9e et usin\u00e9e directement au cabinet<\/li><li>Le traitement est enti\u00e8rement r\u00e9alis\u00e9 en un seul rendez-vous donc un seul d\u00e9placement, une seule anesth\u00e9sie et pas de provisoires<\/li><\/ul>\n\n\n\n<h2 class=\"wp-block-heading\">Quels sont les diff\u00e9rents traitements possibles avec le Cerec ?<\/h2>\n\n\n\n<ul class=\"wp-block-list\"><li>Les restaurations partielles : Inlays, Onlays, Overlays, Facettes<\/li><li>Les restaurations compl\u00e8tes : couronnes et bridges<\/li><\/ul>\n\n\n\n<h3 class=\"wp-block-heading\">Qu\u2019est-ce qu\u2019un inlay (onlay\/overlay) ?<\/h3>\n\n\n\n<p>C\u2019est une reconstruction proth\u00e9tique qui reproduit la partie manquante ou abim\u00e9e de la dent.<\/p>\n\n\n\n<h3 class=\"wp-block-heading\">Pourquoi un inlay?<\/h3>\n\n\n\n<p>Parce que la cavit\u00e9 provoqu\u00e9e par la carie est aujourd\u2019hui trop volumineuse pour pouvoir \u00eatre trait\u00e9e de mani\u00e8re satisfaisante avec des techniques directes (amalgames, composite).<\/p>\n\n\n\n<p>L\u2019inlay permet de satisfaire aux trois concepts de la dentisterie moderne qui sont:<\/p>\n\n\n\n<ul class=\"wp-block-list\"><li>La pr\u00e9servation tissulaire<\/li><li>L\u2019\u00e9tanch\u00e9it\u00e9 de la dent restaur\u00e9e<\/li><li>La biom\u00e9canique de la dent restaur\u00e9e<\/li><\/ul>\n\n\n\n<h3 class=\"wp-block-heading\">En quel mat\u00e9riau r\u00e9alise t-on un inlay?<\/h3>\n\n\n\n<p>Dans la plupart des cas, le choix se porte sur la c\u00e9ramique qui pr\u00e9sente les avantages suivants:<\/p>\n\n\n\n<ul class=\"wp-block-list\"><li>propri\u00e9t\u00e9s m\u00e9caniques \u00e9lev\u00e9es<\/li><li>esth\u00e9tique<\/li><li>biocompatibilit\u00e9<\/li><li>tr\u00e8s bon \u00e9tat de surface<\/li><li>augmentation de la r\u00e9sistance globale de la dent via le collage<\/li><\/ul>\n\n\n\n<p><\/p>\n","protected":false},"excerpt":{"rendered":"<p>Qu\u2019est-ce que le CEREC ? Le Cerec est une technologie permettant de r\u00e9aliser via une empreinte optique, une mod\u00e9lisation 3D [&hellip;]<\/p>\n","protected":false},"author":1,"featured_media":0,"parent":0,"menu_order":0,"comment_status":"closed","ping_status":"closed","template":"","meta":{"om_disable_all_campaigns":false,"_lmt_disableupdate":"","_lmt_disable":"","_monsterinsights_skip_tracking":false,"_monsterinsights_sitenote_active":false,"_monsterinsights_sitenote_note":"","_monsterinsights_sitenote_category":0,"_uf_show_specific_survey":0,"_uf_disable_surveys":false,"footnotes":""},"class_list":["post-618","page","type-page","status-publish","hentry"],"_links":{"self":[{"href":"https:\/\/cabinetdupesage.be\/index.php\/wp-json\/wp\/v2\/pages\/618","targetHints":{"allow":["GET"]}}],"collection":[{"href":"https:\/\/cabinetdupesage.be\/index.php\/wp-json\/wp\/v2\/pages"}],"about":[{"href":"https:\/\/cabinetdupesage.be\/index.php\/wp-json\/wp\/v2\/types\/page"}],"author":[{"embeddable":true,"href":"https:\/\/cabinetdupesage.be\/index.php\/wp-json\/wp\/v2\/users\/1"}],"replies":[{"embeddable":true,"href":"https:\/\/cabinetdupesage.be\/index.php\/wp-json\/wp\/v2\/comments?post=618"}],"version-history":[{"count":0,"href":"https:\/\/cabinetdupesage.be\/index.php\/wp-json\/wp\/v2\/pages\/618\/revisions"}],"wp:attachment":[{"href":"https:\/\/cabinetdupesage.be\/index.php\/wp-json\/wp\/v2\/media?parent=618"}],"curies":[{"name":"wp","href":"https:\/\/api.w.org\/{rel}","templated":true}]}}