{"id":611,"date":"2020-04-29T22:28:49","date_gmt":"2020-04-29T20:28:49","guid":{"rendered":"https:\/\/dentiste-ophain.be\/?page_id=611"},"modified":"2020-05-03T17:24:07","modified_gmt":"2020-05-03T15:24:07","slug":"dentisterie-esthetique","status":"publish","type":"page","link":"https:\/\/cabinetdupesage.be\/index.php\/dentisterie-esthetique\/","title":{"rendered":"Dentisterie esth\u00e9tique"},"content":{"rendered":"\n<figure class=\"wp-block-image size-large\"><img loading=\"lazy\" decoding=\"async\" width=\"340\" height=\"211\" src=\"http:\/\/cabinetdupesage.be\/wp-content\/uploads\/2020\/04\/fotolia_39510058_l.jpg\" alt=\"\" class=\"wp-image-83\" srcset=\"https:\/\/cabinetdupesage.be\/wp-content\/uploads\/2020\/04\/fotolia_39510058_l.jpg 340w, https:\/\/cabinetdupesage.be\/wp-content\/uploads\/2020\/04\/fotolia_39510058_l-300x186.jpg 300w\" sizes=\"auto, (max-width: 340px) 100vw, 340px\" \/><\/figure>\n\n\n\n<p>Lorsque la dentition est saine on peut analyser le sourire et l\u2019am\u00e9liorer en cas de:<\/p>\n\n\n\n<ul class=\"wp-block-list\"><li>Dents trop satur\u00e9es, dans ce cas on r\u00e9alise un blanchiment assist\u00e9 au laser<\/li><li>Dents mal positionn\u00e9es: dans ce cas on aura recours pr\u00e9f\u00e9rentiellement et si possible \u00e0&nbsp;<a href=\"https:\/\/cabinetdupesage.be\/index.php\/orthodontie-invisible\/\">l\u2019orthodontie<\/a><\/li><li>Rapport longueur\/largeur inadapt\u00e9 d\u2019une dent<\/li><li>Perte de la dominance des incisives centrales sup\u00e9rieures<\/li><li>Sourire invers\u00e9<\/li><\/ul>\n\n\n<div class=\"n2-section-smartslider fitvidsignore \" data-ssid=\"1\" tabindex=\"0\" role=\"region\" aria-label=\"Diaporama\"><div id=\"n2-ss-1-align\" class=\"n2-ss-align\"><div class=\"n2-padding\"><div id=\"n2-ss-1\" data-creator=\"Smart Slider 3\" data-responsive=\"auto\" class=\"n2-ss-slider n2-ow n2-has-hover n2notransition  \">\n\n\n\n\n\n<div class=\"n2-ss-slider-wrapper-outside\" style=\"grid-template-rows:1fr auto\"><div class=\"n2-ss-slider-wrapper-inside\">\n        <div class=\"n2-ss-slider-1 n2_ss__touch_element n2-ow\">\n            <div class=\"n2-ss-slider-2 n2-ow\">\n                                                <div class=\"n2-ss-slider-3 n2-ow\">\n\n                    <div class=\"n2-ss-slide-backgrounds n2-ow-all\"><div class=\"n2-ss-slide-background\" data-public-id=\"1\" data-mode=\"fill\"><div class=\"n2-ss-slide-background-image\" data-blur=\"0\" data-opacity=\"100\" data-x=\"50\" data-y=\"50\" data-alt=\"\" data-title=\"\"><picture class=\"skip-lazy\" data-skip-lazy=\"1\"><img decoding=\"async\" src=\"\/\/cabinetdupesage.be\/wp-content\/uploads\/2020\/04\/facette-u4203-fr.jpg\" alt=\"\" title=\"\" loading=\"lazy\" class=\"skip-lazy\" data-skip-lazy=\"1\"><\/picture><\/div><div data-color=\"RGBA(255,255,255,0)\" style=\"background-color: RGBA(255,255,255,0);\" class=\"n2-ss-slide-background-color\"><\/div><\/div><div class=\"n2-ss-slide-background\" data-public-id=\"2\" data-mode=\"fill\"><div class=\"n2-ss-slide-background-image\" data-blur=\"0\" data-opacity=\"100\" data-x=\"50\" data-y=\"50\" data-alt=\"\" data-title=\"\"><picture class=\"skip-lazy\" data-skip-lazy=\"1\"><img decoding=\"async\" src=\"\/\/cabinetdupesage.be\/wp-content\/uploads\/2020\/04\/dsc_0004-u4212-fr_2x.jpg\" alt=\"\" title=\"\" loading=\"lazy\" class=\"skip-lazy\" data-skip-lazy=\"1\"><\/picture><\/div><div data-color=\"RGBA(255,255,255,0)\" style=\"background-color: RGBA(255,255,255,0);\" class=\"n2-ss-slide-background-color\"><\/div><\/div><div class=\"n2-ss-slide-background\" data-public-id=\"3\" data-mode=\"fill\"><div class=\"n2-ss-slide-background-image\" data-blur=\"0\" data-opacity=\"100\" data-x=\"50\" data-y=\"50\" data-alt=\"\" data-title=\"\"><picture class=\"skip-lazy\" data-skip-lazy=\"1\"><img decoding=\"async\" src=\"\/\/cabinetdupesage.be\/wp-content\/uploads\/2020\/04\/dsc_0007-u4215-fr_2x.jpg\" alt=\"\" title=\"\" loading=\"lazy\" class=\"skip-lazy\" data-skip-lazy=\"1\"><\/picture><\/div><div data-color=\"RGBA(255,255,255,0)\" style=\"background-color: RGBA(255,255,255,0);\" class=\"n2-ss-slide-background-color\"><\/div><\/div><\/div>                    <div class=\"n2-ss-slider-4 n2-ow\">\n                        <svg xmlns=\"http:\/\/www.w3.org\/2000\/svg\" viewBox=\"0 0 1200 600\" data-related-device=\"desktopPortrait\" class=\"n2-ow n2-ss-preserve-size n2-ss-preserve-size--slider n2-ss-slide-limiter\"><\/svg><div data-first=\"1\" data-slide-duration=\"0\" data-id=\"59\" data-slide-public-id=\"1\" data-title=\"facette-u4203-fr\" class=\"n2-ss-slide n2-ow  n2-ss-slide-59\"><div role=\"note\" class=\"n2-ss-slide--focus\" tabindex=\"-1\">facette-u4203-fr<\/div><div class=\"n2-ss-layers-container n2-ss-slide-limiter n2-ow\"><div class=\"n2-ss-layer n2-ow n-uc-zknKvuVgkUUQ\" data-sstype=\"slide\" data-pm=\"default\"><\/div><\/div><img decoding=\"async\" loading=\"lazy\" class=\"n2-ss-slide-thumbnail skip-lazy\" data-skip-lazy=\"1\" src=\"\/\/cabinetdupesage.be\/wp-content\/uploads\/2020\/04\/facette-u4203-fr.jpg\" alt=\"facette-u4203-fr\"><\/div><div data-slide-duration=\"0\" data-id=\"61\" data-slide-public-id=\"2\" data-title=\"dsc_0004-u4212-fr_2x\" class=\"n2-ss-slide n2-ow  n2-ss-slide-61\"><div role=\"note\" class=\"n2-ss-slide--focus\" tabindex=\"-1\">dsc_0004-u4212-fr_2x<\/div><div class=\"n2-ss-layers-container n2-ss-slide-limiter n2-ow\"><div class=\"n2-ss-layer n2-ow n-uc-w1vStq7oKdDQ\" data-sstype=\"slide\" data-pm=\"default\"><\/div><\/div><img decoding=\"async\" loading=\"lazy\" class=\"n2-ss-slide-thumbnail skip-lazy\" data-skip-lazy=\"1\" src=\"\/\/cabinetdupesage.be\/wp-content\/uploads\/2020\/04\/dsc_0004-u4212-fr_2x.jpg\" alt=\"dsc_0004-u4212-fr_2x\"><\/div><div data-slide-duration=\"0\" data-id=\"60\" data-slide-public-id=\"3\" data-title=\"dsc_0007-u4215-fr_2x\" class=\"n2-ss-slide n2-ow  n2-ss-slide-60\"><div role=\"note\" class=\"n2-ss-slide--focus\" tabindex=\"-1\">dsc_0007-u4215-fr_2x<\/div><div class=\"n2-ss-layers-container n2-ss-slide-limiter n2-ow\"><div class=\"n2-ss-layer n2-ow n-uc-Mk8rmVExfdbY\" data-sstype=\"slide\" data-pm=\"default\"><\/div><\/div><img decoding=\"async\" loading=\"lazy\" class=\"n2-ss-slide-thumbnail skip-lazy\" data-skip-lazy=\"1\" src=\"\/\/cabinetdupesage.be\/wp-content\/uploads\/2020\/04\/dsc_0007-u4215-fr_2x.jpg\" alt=\"dsc_0007-u4215-fr_2x\"><\/div>                    <\/div>\n\n                                    <\/div>\n            <\/div>\n        <\/div>\n        <div class=\"n2-ss-slider-controls n2-ss-slider-controls-absolute-left-center\"><div style=\"--widget-offset:15px;\" class=\"n2-ss-widget nextend-arrow n2-ow-all nextend-arrow-previous  nextend-arrow-animated-fade\" data-hide-mobileportrait=\"1\" id=\"n2-ss-1-arrow-previous\" role=\"button\" aria-label=\"previous arrow\" tabindex=\"0\"><img loading=\"lazy\" decoding=\"async\" width=\"32\" height=\"32\" class=\"skip-lazy\" data-skip-lazy=\"1\" src=\"data:image\/svg+xml;base64,PHN2ZyB3aWR0aD0iMzIiIGhlaWdodD0iMzIiIHZpZXdCb3g9IjAgMCAzMiAzMiIgeG1sbnM9Imh0dHA6Ly93d3cudzMub3JnLzIwMDAvc3ZnIj4KICAgIDxwYXRoIGQ9Ik0xMS40MzMgMTUuOTkyTDIyLjY5IDUuNzEyYy4zOTMtLjM5LjM5My0xLjAzIDAtMS40Mi0uMzkzLS4zOS0xLjAzLS4zOS0xLjQyMyAwbC0xMS45OCAxMC45NGMtLjIxLjIxLS4zLjQ5LS4yODUuNzYtLjAxNS4yOC4wNzUuNTYuMjg0Ljc3bDExLjk4IDEwLjk0Yy4zOTMuMzkgMS4wMy4zOSAxLjQyNCAwIC4zOTMtLjQuMzkzLTEuMDMgMC0xLjQybC0xMS4yNTctMTAuMjkiCiAgICAgICAgICBmaWxsPSIjZmZmZmZmIiBvcGFjaXR5PSIwLjgiIGZpbGwtcnVsZT0iZXZlbm9kZCIvPgo8L3N2Zz4=\" alt=\"previous arrow\"><\/div><\/div><div class=\"n2-ss-slider-controls n2-ss-slider-controls-absolute-right-center\"><div style=\"--widget-offset:15px;\" class=\"n2-ss-widget nextend-arrow n2-ow-all nextend-arrow-next  nextend-arrow-animated-fade\" data-hide-mobileportrait=\"1\" id=\"n2-ss-1-arrow-next\" role=\"button\" aria-label=\"next arrow\" tabindex=\"0\"><img loading=\"lazy\" decoding=\"async\" width=\"32\" height=\"32\" class=\"skip-lazy\" data-skip-lazy=\"1\" src=\"data:image\/svg+xml;base64,PHN2ZyB3aWR0aD0iMzIiIGhlaWdodD0iMzIiIHZpZXdCb3g9IjAgMCAzMiAzMiIgeG1sbnM9Imh0dHA6Ly93d3cudzMub3JnLzIwMDAvc3ZnIj4KICAgIDxwYXRoIGQ9Ik0xMC43MjIgNC4yOTNjLS4zOTQtLjM5LTEuMDMyLS4zOS0xLjQyNyAwLS4zOTMuMzktLjM5MyAxLjAzIDAgMS40MmwxMS4yODMgMTAuMjgtMTEuMjgzIDEwLjI5Yy0uMzkzLjM5LS4zOTMgMS4wMiAwIDEuNDIuMzk1LjM5IDEuMDMzLjM5IDEuNDI3IDBsMTIuMDA3LTEwLjk0Yy4yMS0uMjEuMy0uNDkuMjg0LS43Ny4wMTQtLjI3LS4wNzYtLjU1LS4yODYtLjc2TDEwLjcyIDQuMjkzeiIKICAgICAgICAgIGZpbGw9IiNmZmZmZmYiIG9wYWNpdHk9IjAuOCIgZmlsbC1ydWxlPSJldmVub2RkIi8+Cjwvc3ZnPg==\" alt=\"next arrow\"><\/div><\/div><\/div><div class=\"n2-ss-slider-controls n2-ss-slider-controls-below\"><div style=\"--widget-offset:10px;\" class=\"n2-ss-widget n2-ss-control-bullet n2-ow-all n2-ss-control-bullet-horizontal\"><div class=\" nextend-bullet-bar n2-bar-justify-content-center\"><div class=\"n2-bullet n2-style-98b890a69860771f94d32019bd5202d1-dot \" style=\"visibility:hidden;\"><\/div><\/div><\/div><\/div><\/div><\/div><ss3-loader><\/ss3-loader><\/div><\/div><div class=\"n2_clear\"><\/div><\/div>","protected":false},"excerpt":{"rendered":"<p>Lorsque la dentition est saine on peut analyser le sourire et l\u2019am\u00e9liorer en cas de: Dents trop satur\u00e9es, dans ce [&hellip;]<\/p>\n","protected":false},"author":1,"featured_media":0,"parent":0,"menu_order":0,"comment_status":"closed","ping_status":"closed","template":"","meta":{"om_disable_all_campaigns":false,"_lmt_disableupdate":"","_lmt_disable":"","_monsterinsights_skip_tracking":false,"_monsterinsights_sitenote_active":false,"_monsterinsights_sitenote_note":"","_monsterinsights_sitenote_category":0,"_uf_show_specific_survey":0,"_uf_disable_surveys":false,"footnotes":""},"class_list":["post-611","page","type-page","status-publish","hentry"],"_links":{"self":[{"href":"https:\/\/cabinetdupesage.be\/index.php\/wp-json\/wp\/v2\/pages\/611","targetHints":{"allow":["GET"]}}],"collection":[{"href":"https:\/\/cabinetdupesage.be\/index.php\/wp-json\/wp\/v2\/pages"}],"about":[{"href":"https:\/\/cabinetdupesage.be\/index.php\/wp-json\/wp\/v2\/types\/page"}],"author":[{"embeddable":true,"href":"https:\/\/cabinetdupesage.be\/index.php\/wp-json\/wp\/v2\/users\/1"}],"replies":[{"embeddable":true,"href":"https:\/\/cabinetdupesage.be\/index.php\/wp-json\/wp\/v2\/comments?post=611"}],"version-history":[{"count":5,"href":"https:\/\/cabinetdupesage.be\/index.php\/wp-json\/wp\/v2\/pages\/611\/revisions"}],"predecessor-version":[{"id":1265,"href":"https:\/\/cabinetdupesage.be\/index.php\/wp-json\/wp\/v2\/pages\/611\/revisions\/1265"}],"wp:attachment":[{"href":"https:\/\/cabinetdupesage.be\/index.php\/wp-json\/wp\/v2\/media?parent=611"}],"curies":[{"name":"wp","href":"https:\/\/api.w.org\/{rel}","templated":true}]}}