{"id":536,"date":"2020-04-27T16:20:39","date_gmt":"2020-04-27T14:20:39","guid":{"rendered":"https:\/\/dentiste-ophain.be\/?page_id=536"},"modified":"2020-05-03T14:23:41","modified_gmt":"2020-05-03T12:23:41","slug":"dentisterie-generale","status":"publish","type":"page","link":"https:\/\/cabinetdupesage.be\/index.php\/dentisterie-generale\/","title":{"rendered":"Dentisterie g\u00e9n\u00e9rale"},"content":{"rendered":"\n<figure class=\"wp-block-image size-large\"><img loading=\"lazy\" decoding=\"async\" width=\"446\" height=\"297\" src=\"http:\/\/cabinetdupesage.be\/wp-content\/uploads\/2020\/04\/stomatologie-u1612-fr.jpg\" alt=\"\" class=\"wp-image-171\" srcset=\"https:\/\/cabinetdupesage.be\/wp-content\/uploads\/2020\/04\/stomatologie-u1612-fr.jpg 446w, https:\/\/cabinetdupesage.be\/wp-content\/uploads\/2020\/04\/stomatologie-u1612-fr-300x200.jpg 300w\" sizes=\"auto, (max-width: 446px) 100vw, 446px\" \/><\/figure>\n\n\n\n<p class=\"has-large-font-size\">La dentisterie g\u00e9n\u00e9rale comprend<\/p>\n\n\n\n<p class=\"has-medium-font-size\">La dentisterie op\u00e9ratoire<\/p>\n\n\n\n<p>La dentisterie op\u00e9ratoire regroupe les soins dentaires de base (caries) chez l\u2019adulte et l\u2019enfant.<\/p>\n\n\n\n<p class=\"has-medium-font-size\">L\u2019endodontie<\/p>\n\n\n\n<p>Un traitement endodontique ou d\u00e9vitalisation consiste \u00e0 \u00e9liminer le nerf de la dent malade, \u00e0 d\u00e9sinfecter les canaux des racines et \u00e0 les obturer.<\/p>\n\n\n\n<p class=\"has-medium-font-size\">La parodontologie de base<\/p>\n\n\n\n<p>On y retrouve les instructions de brossage et le d\u00e9tartrage<\/p>\n\n\n\n<p class=\"has-medium-font-size\">La proth\u00e8se dentaire<\/p>\n\n\n\n<p>Une proth\u00e8se dentaire est un dispositif m\u00e9dical qui permet de remplacer une ou plusieurs dents manquantes ou de reconstituer une dent fortement d\u00e9labr\u00e9e.<\/p>\n\n\n\n<p>On y retrouve la proth\u00e8se dentaire amovible et la proth\u00e8se dentaire fixe.<\/p>\n\n\n\n<p class=\"has-medium-font-size\">I. La proth\u00e8se amovible<\/p>\n\n\n\n<p>Elle est constitu\u00e9e d&rsquo;une base r\u00e9sine ou m\u00e9tallique (squelettique) servant de support aux dents artificielles. La r\u00e9tention peut \u00eatre assur\u00e9e par divers moyens (crochets, effet ventouse, bouton pression, glissi\u00e8re, \u2026)<\/p>\n\n\n\n<p class=\"has-medium-font-size\">2. La proth\u00e8se fixe<\/p>\n\n\n\n<p>La proth\u00e8se fixe comprend<\/p>\n\n\n\n<ul class=\"wp-block-list\"><li>des restaurations dentaires partielles : les inlays, onlays, facettes, \u2026<\/li><li>des restaurations dentaires compl\u00e8tes : les couronnes<\/li><li>des restaurations dentaires plurales : les bridges qui permettent de remplacer une ou plusieurs dents manquantes.<\/li><\/ul>\n\n\n\n<p>Les restaurations dentaires partielles prennent toujours appui sur une dent naturelle<\/p>\n\n\n\n<p>Les restaurations dentaires compl\u00e8tes et plurales peuvent prendre appui soit sur une (ou plusieurs) dents naturelles soit sur un ou plusieurs implants.<\/p>\n\n\n\n<p>Pour les restaurations dentaires avec la technologie CEREC,<a href=\"https:\/\/cabinetdupesage.be\/index.php\/technologie-cerec\/\">&nbsp;&nbsp;cliquez ici.<\/a><\/p>\n","protected":false},"excerpt":{"rendered":"<p>La dentisterie g\u00e9n\u00e9rale comprend La dentisterie op\u00e9ratoire La dentisterie op\u00e9ratoire regroupe les soins dentaires de base (caries) chez l\u2019adulte et [&hellip;]<\/p>\n","protected":false},"author":1,"featured_media":171,"parent":0,"menu_order":0,"comment_status":"closed","ping_status":"closed","template":"","meta":{"om_disable_all_campaigns":false,"_lmt_disableupdate":"","_lmt_disable":"","_monsterinsights_skip_tracking":false,"_monsterinsights_sitenote_active":false,"_monsterinsights_sitenote_note":"","_monsterinsights_sitenote_category":0,"_uf_show_specific_survey":0,"_uf_disable_surveys":false,"footnotes":""},"class_list":["post-536","page","type-page","status-publish","has-post-thumbnail","hentry"],"_links":{"self":[{"href":"https:\/\/cabinetdupesage.be\/index.php\/wp-json\/wp\/v2\/pages\/536","targetHints":{"allow":["GET"]}}],"collection":[{"href":"https:\/\/cabinetdupesage.be\/index.php\/wp-json\/wp\/v2\/pages"}],"about":[{"href":"https:\/\/cabinetdupesage.be\/index.php\/wp-json\/wp\/v2\/types\/page"}],"author":[{"embeddable":true,"href":"https:\/\/cabinetdupesage.be\/index.php\/wp-json\/wp\/v2\/users\/1"}],"replies":[{"embeddable":true,"href":"https:\/\/cabinetdupesage.be\/index.php\/wp-json\/wp\/v2\/comments?post=536"}],"version-history":[{"count":3,"href":"https:\/\/cabinetdupesage.be\/index.php\/wp-json\/wp\/v2\/pages\/536\/revisions"}],"predecessor-version":[{"id":1201,"href":"https:\/\/cabinetdupesage.be\/index.php\/wp-json\/wp\/v2\/pages\/536\/revisions\/1201"}],"wp:featuredmedia":[{"embeddable":true,"href":"https:\/\/cabinetdupesage.be\/index.php\/wp-json\/wp\/v2\/media\/171"}],"wp:attachment":[{"href":"https:\/\/cabinetdupesage.be\/index.php\/wp-json\/wp\/v2\/media?parent=536"}],"curies":[{"name":"wp","href":"https:\/\/api.w.org\/{rel}","templated":true}]}}