{"id":503,"date":"2020-04-25T14:20:16","date_gmt":"2020-04-25T12:20:16","guid":{"rendered":"https:\/\/dentiste-ophain.be\/?page_id=503"},"modified":"2020-05-03T14:48:30","modified_gmt":"2020-05-03T12:48:30","slug":"parodontologie","status":"publish","type":"page","link":"https:\/\/cabinetdupesage.be\/index.php\/parodontologie\/","title":{"rendered":"Parodontologie"},"content":{"rendered":"\n<div class=\"wp-block-columns is-layout-flex wp-container-core-columns-is-layout-9d6595d7 wp-block-columns-is-layout-flex\">\n<div class=\"wp-block-column is-layout-flow wp-block-column-is-layout-flow\">\n<h5 class=\"wp-block-heading\"><strong><em>La parodontite, c\u2019est quoi ?<\/em><\/strong><\/h5>\n\n\n\n<p>C\u2019est la maladie de la gencive et de l\u2019os entourant la dent<\/p>\n\n\n\n<h5 class=\"wp-block-heading\"><strong><em>Comment arrive et \u00e9volue la maladie parodontale ?<\/em><\/strong><\/h5>\n\n\n\n<p>Les bact\u00e9ries se mettent dans l\u2019espace entre la dent et la gencive et si elles ne sont pas \u00e9limin\u00e9es elles provoquent une inflammation.<\/p>\n\n\n\n<p>Si l\u2019inflammation reste mod\u00e9r\u00e9e et sans perte d\u2019os on parle de gingivite.<\/p>\n\n\n\n<p>Si l\u2019inflammation est s\u00e9v\u00e8re avec une perte d\u2019os on parlera de parodontite.<\/p>\n\n\n\n<p>La perte d\u2019os entra\u00eene une exposition des racines de la dent qui \u00e0 long terme peut devenir mobile.<\/p>\n\n\n\n<h5 class=\"wp-block-heading\"><strong><em>Comment soigner ces maladies parodontales ?<\/em><\/strong><\/h5>\n\n\n\n<p>Pour la gingivite, un d\u00e9tartrage classique est effectu\u00e9.<\/p>\n\n\n\n<p>Pour la parodontite, un d\u00e9tartrage sous-gingival (surfa\u00e7age) est effectu\u00e9 en plusieurs s\u00e9ances.<\/p>\n<\/div>\n\n\n\n<div class=\"wp-block-column is-layout-flow wp-block-column-is-layout-flow\">\n<figure class=\"wp-block-image size-large\"><img loading=\"lazy\" decoding=\"async\" width=\"400\" height=\"276\" src=\"http:\/\/cabinetdupesage.be\/wp-content\/uploads\/2020\/04\/parodontologie.jpg\" alt=\"\" class=\"wp-image-731\" srcset=\"https:\/\/cabinetdupesage.be\/wp-content\/uploads\/2020\/04\/parodontologie.jpg 400w, https:\/\/cabinetdupesage.be\/wp-content\/uploads\/2020\/04\/parodontologie-300x207.jpg 300w\" sizes=\"auto, (max-width: 400px) 100vw, 400px\" \/><\/figure>\n\n\n\n<figure class=\"wp-block-image size-large\"><img loading=\"lazy\" decoding=\"async\" width=\"596\" height=\"286\" src=\"http:\/\/cabinetdupesage.be\/wp-content\/uploads\/2020\/04\/paradontologie.jpg\" alt=\"\" class=\"wp-image-151\" srcset=\"https:\/\/cabinetdupesage.be\/wp-content\/uploads\/2020\/04\/paradontologie.jpg 596w, https:\/\/cabinetdupesage.be\/wp-content\/uploads\/2020\/04\/paradontologie-300x144.jpg 300w\" sizes=\"auto, (max-width: 596px) 100vw, 596px\" \/><\/figure>\n\n\n\n<figure class=\"wp-block-image size-large\"><img loading=\"lazy\" decoding=\"async\" width=\"700\" height=\"487\" src=\"http:\/\/cabinetdupesage.be\/wp-content\/uploads\/2020\/04\/para-anim-ophain_2x.gif\" alt=\"\" class=\"wp-image-150\"\/><\/figure>\n<\/div>\n<\/div>\n","protected":false},"excerpt":{"rendered":"<p>La parodontite, c\u2019est quoi ? C\u2019est la maladie de la gencive et de l\u2019os entourant la dent Comment arrive et [&hellip;]<\/p>\n","protected":false},"author":1,"featured_media":0,"parent":0,"menu_order":0,"comment_status":"closed","ping_status":"closed","template":"","meta":{"om_disable_all_campaigns":false,"_lmt_disableupdate":"","_lmt_disable":"","_monsterinsights_skip_tracking":false,"_monsterinsights_sitenote_active":false,"_monsterinsights_sitenote_note":"","_monsterinsights_sitenote_category":0,"_uf_show_specific_survey":0,"_uf_disable_surveys":false,"footnotes":""},"class_list":["post-503","page","type-page","status-publish","hentry"],"_links":{"self":[{"href":"https:\/\/cabinetdupesage.be\/index.php\/wp-json\/wp\/v2\/pages\/503","targetHints":{"allow":["GET"]}}],"collection":[{"href":"https:\/\/cabinetdupesage.be\/index.php\/wp-json\/wp\/v2\/pages"}],"about":[{"href":"https:\/\/cabinetdupesage.be\/index.php\/wp-json\/wp\/v2\/types\/page"}],"author":[{"embeddable":true,"href":"https:\/\/cabinetdupesage.be\/index.php\/wp-json\/wp\/v2\/users\/1"}],"replies":[{"embeddable":true,"href":"https:\/\/cabinetdupesage.be\/index.php\/wp-json\/wp\/v2\/comments?post=503"}],"version-history":[{"count":2,"href":"https:\/\/cabinetdupesage.be\/index.php\/wp-json\/wp\/v2\/pages\/503\/revisions"}],"predecessor-version":[{"id":1211,"href":"https:\/\/cabinetdupesage.be\/index.php\/wp-json\/wp\/v2\/pages\/503\/revisions\/1211"}],"wp:attachment":[{"href":"https:\/\/cabinetdupesage.be\/index.php\/wp-json\/wp\/v2\/media?parent=503"}],"curies":[{"name":"wp","href":"https:\/\/api.w.org\/{rel}","templated":true}]}}