{"id":38,"date":"2020-04-21T15:49:56","date_gmt":"2020-04-21T13:49:56","guid":{"rendered":"http:\/\/dentiste-ophain.be\/?page_id=38"},"modified":"2024-06-02T23:04:52","modified_gmt":"2024-06-02T21:04:52","slug":"urgences","status":"publish","type":"page","link":"https:\/\/cabinetdupesage.be\/index.php\/urgences\/","title":{"rendered":"Urgences"},"content":{"rendered":"\n<div class=\"wp-block-columns is-layout-flex wp-container-core-columns-is-layout-9d6595d7 wp-block-columns-is-layout-flex\">\n<div class=\"wp-block-column is-vertically-aligned-center is-layout-flow wp-block-column-is-layout-flow\" style=\"flex-basis:20%\"><div class=\"wp-block-image\">\n<figure class=\"aligncenter size-full\"><img loading=\"lazy\" decoding=\"async\" width=\"634\" height=\"475\" src=\"http:\/\/cabinetdupesage.be\/wp-content\/uploads\/2020\/04\/urgences_2x.jpg\" alt=\"urgence dentaire \u00e0 Ixelles\" class=\"wp-image-769\" srcset=\"https:\/\/cabinetdupesage.be\/wp-content\/uploads\/2020\/04\/urgences_2x.jpg 634w, https:\/\/cabinetdupesage.be\/wp-content\/uploads\/2020\/04\/urgences_2x-300x225.jpg 300w\" sizes=\"auto, (max-width: 634px) 100vw, 634px\" \/><\/figure><\/div><\/div>\n\n\n\n<div class=\"wp-block-column is-vertically-aligned-center is-layout-flow wp-block-column-is-layout-flow\" style=\"flex-basis:80%\">\n<p>Un probl\u00e8me dentaire n\u2019\u00e9tant pas toujours pr\u00e9visible, notre \u00e9quipe r\u00e9serve syst\u00e9matiquement des plages horaires pour les urgences.<\/p>\n<\/div>\n<\/div>\n\n\n\n<p class=\"has-text-align-center\">En cas d&rsquo;urgence dentaire, vous pouvez nous contacter au 02\/649.71.05 ou prendre rendez-vous online \u00e0 partir de notre page d&rsquo;accueil<\/p>\n\n\n\n<h2 class=\"wp-block-heading has-vivid-red-color has-text-color\">Quelques conseils<\/h2>\n\n\n\n<ul class=\"wp-block-list\">\n<li>Ne prenez\u00a0<strong>jamais d&rsquo;antibiotiques<\/strong>\u00a0sans l&rsquo;avis d&rsquo;un dentiste ou d&rsquo;un m\u00e9decin.<\/li>\n\n\n\n<li>Si un dent, une couronne, une obturation s&rsquo;est\u00a0<strong>fractur\u00e9e,<\/strong>\u00a0amener toujours le morceau au dentiste. Il n&rsquo;est pas dit qu&rsquo;il puisse \u00eatre r\u00e9utilis\u00e9 mais on ne sait jamais<\/li>\n\n\n\n<li>Si la\u00a0<strong>dent est expuls\u00e9e<\/strong>\u00a0de la bouche suite \u00e0 un choc, l&rsquo;id\u00e9al est de la conserver dans la bouche (apr\u00e8s l&rsquo;avoir pass\u00e9e sous l&rsquo;eau) ou dans un peu de lait. Insistez bien aupr\u00e8s du dentiste que vous aurez en ligne qu&rsquo;il s&rsquo;agit d&rsquo;une dent expuls\u00e9e. En effet dans ce cas le d\u00e9lais entre l&rsquo;accident et la r\u00e9implantation de la dent joue un r\u00f4le capital dans le taux de succ\u00e8s.<\/li>\n\n\n\n<li>En cas d&rsquo;accident \u00e0 l&rsquo;\u00e9cole, d&rsquo;accident de la circulation ou d&rsquo;agression, pensez \u00e0 amener les\u00a0<strong>documents de l&rsquo;assurance<\/strong>.<\/li>\n\n\n\n<li>Pensez \u00e0\u00a0<strong>contacter le dentiste avant<\/strong>\u00a0de vous rendre chez lui. Il vous indiquera l&rsquo;heure \u00e0 laquelle il sera en mesure de vous recevoir dans les meilleures conditions, ce qui vous \u00e9vitera de patienter des heures en salle d&rsquo;attente.<\/li>\n\n\n\n<li>Ayez bien\u00a0<strong>tous vos documents<\/strong>\u00a0avec vous lorsque vous vous rendez chez le dentiste: carte d&rsquo;identit\u00e9, carte sis. Pr\u00e9voyez aussi votre carte bancaire, beaucoup de dentistes en sont \u00e9quip\u00e9s actuellement et c&rsquo;est un moyen rapide et s\u00e9curis\u00e9 de r\u00e9gler les honoraires du dentiste.<\/li>\n<\/ul>\n\n\n\n<p><\/p>\n","protected":false},"excerpt":{"rendered":"<p>Un probl\u00e8me dentaire n\u2019\u00e9tant pas toujours pr\u00e9visible, notre \u00e9quipe r\u00e9serve syst\u00e9matiquement des plages horaires pour les urgences. En cas d&rsquo;urgence [&hellip;]<\/p>\n","protected":false},"author":1,"featured_media":0,"parent":0,"menu_order":0,"comment_status":"closed","ping_status":"closed","template":"","meta":{"om_disable_all_campaigns":false,"_lmt_disableupdate":"no","_lmt_disable":"","_monsterinsights_skip_tracking":false,"_monsterinsights_sitenote_active":false,"_monsterinsights_sitenote_note":"","_monsterinsights_sitenote_category":0,"_uf_show_specific_survey":0,"_uf_disable_surveys":false,"footnotes":""},"class_list":["post-38","page","type-page","status-publish","hentry"],"_links":{"self":[{"href":"https:\/\/cabinetdupesage.be\/index.php\/wp-json\/wp\/v2\/pages\/38","targetHints":{"allow":["GET"]}}],"collection":[{"href":"https:\/\/cabinetdupesage.be\/index.php\/wp-json\/wp\/v2\/pages"}],"about":[{"href":"https:\/\/cabinetdupesage.be\/index.php\/wp-json\/wp\/v2\/types\/page"}],"author":[{"embeddable":true,"href":"https:\/\/cabinetdupesage.be\/index.php\/wp-json\/wp\/v2\/users\/1"}],"replies":[{"embeddable":true,"href":"https:\/\/cabinetdupesage.be\/index.php\/wp-json\/wp\/v2\/comments?post=38"}],"version-history":[{"count":21,"href":"https:\/\/cabinetdupesage.be\/index.php\/wp-json\/wp\/v2\/pages\/38\/revisions"}],"predecessor-version":[{"id":1599,"href":"https:\/\/cabinetdupesage.be\/index.php\/wp-json\/wp\/v2\/pages\/38\/revisions\/1599"}],"wp:attachment":[{"href":"https:\/\/cabinetdupesage.be\/index.php\/wp-json\/wp\/v2\/media?parent=38"}],"curies":[{"name":"wp","href":"https:\/\/api.w.org\/{rel}","templated":true}]}}