{"id":1395,"date":"2020-10-23T15:31:59","date_gmt":"2020-10-23T13:31:59","guid":{"rendered":"https:\/\/cabinetdupesage.be\/?page_id=1395"},"modified":"2020-10-24T18:27:40","modified_gmt":"2020-10-24T16:27:40","slug":"laser-dentaire","status":"publish","type":"page","link":"https:\/\/cabinetdupesage.be\/index.php\/laser-dentaire\/","title":{"rendered":"Laser dentaire"},"content":{"rendered":"\n<h2 class=\"wp-block-heading\">Le cabinet dentaire dispose d&rsquo;un laser de biostimulation<\/h2>\n\n\n\n<figure class=\"wp-block-image size-large\"><img loading=\"lazy\" decoding=\"async\" width=\"500\" height=\"500\" src=\"http:\/\/cabinetdupesage.be\/wp-content\/uploads\/2020\/10\/Laser-ATP38.jpg\" alt=\"\" class=\"wp-image-1393\" srcset=\"https:\/\/cabinetdupesage.be\/wp-content\/uploads\/2020\/10\/Laser-ATP38.jpg 500w, https:\/\/cabinetdupesage.be\/wp-content\/uploads\/2020\/10\/Laser-ATP38-300x300.jpg 300w, https:\/\/cabinetdupesage.be\/wp-content\/uploads\/2020\/10\/Laser-ATP38-150x150.jpg 150w\" sizes=\"auto, (max-width: 500px) 100vw, 500px\" \/><\/figure>\n\n\n\n<p>La photobiomodulation, ou Low Light Level Therapy<strong>&nbsp;(LLLT)<\/strong>, consiste \u00e0 diffuser des photons afin de&nbsp;<strong>stimuler les processus de r\u00e9g\u00e9n\u00e9ration<\/strong>&nbsp;au niveau cellulaire.<\/p>\n\n\n\n<h4 class=\"has-vivid-green-cyan-color has-text-color wp-block-heading\">Quel est son fonctionnement ?<\/h4>\n\n\n\n<p>L\u2019absorption de l\u2019onde produite par la phototh\u00e9rapie s<strong>timule la production de mol\u00e9cules d\u2019ATP<\/strong> qui est la mol\u00e9cule \u00e9nerg\u00e9tique de nos cellules.<\/p>\n\n\n\n<p> La photomodulation a ainsi une action sur le m\u00e9tabolisme cellulaire de nos tissus comparable \u00e0 la photosynth\u00e8se des cellules v\u00e9g\u00e9tales.<\/p>\n\n\n\n<h4 class=\"has-vivid-green-cyan-color has-text-color wp-block-heading\">Quels sont ses effets ?<\/h4>\n\n\n\n<ul class=\"wp-block-list\"><li>Diminution de l&rsquo;inflammation<\/li><li>Acc\u00e9l\u00e9ration du processus de r\u00e9g\u00e9n\u00e9ration tissulaire (cicatrisation)<\/li><li>Soulagement de la douleur<\/li><li>Stimulation du syst\u00e8me immunitaire<\/li><li>Myorelaxant<\/li><li>Diff\u00e9rentiation et synth\u00e8se de prot\u00e9ines<\/li><li>R\u00e9duction des suites op\u00e9ratoires<\/li><\/ul>\n\n\n\n<h4 class=\"has-vivid-green-cyan-color has-text-color wp-block-heading\">Dans quels cas ?<\/h4>\n\n\n\n<ul class=\"wp-block-list\"><li>Pour acc\u00e9l\u00e9rer les traitements orthodontiques par goutti\u00e8res invisibles. On peut ainsi diviser par deux la dur\u00e9e du traitement.<\/li><li>Acc\u00e9l\u00e9rer la cicatrisation et diminuer l&rsquo;inflammation et la douleur apr\u00e8s une chirurgie<\/li><li>Calmer les douleurs des articulations de la m\u00e2choire<\/li><li>Avant une chirurgie. Permet de se relaxer gr\u00e2ce \u00e0 la lib\u00e9ration d&rsquo;endorphine et de diminuer la r\u00e9ponse du corps \u00e0 la douleur et augmenter le seuil de r\u00e9sistance \u00e0 la douleur<\/li><\/ul>\n","protected":false},"excerpt":{"rendered":"<p>Le cabinet dentaire dispose d&rsquo;un laser de biostimulation La photobiomodulation, ou Low Light Level Therapy&nbsp;(LLLT), consiste \u00e0 diffuser des photons [&hellip;]<\/p>\n","protected":false},"author":1,"featured_media":0,"parent":0,"menu_order":0,"comment_status":"closed","ping_status":"closed","template":"","meta":{"om_disable_all_campaigns":false,"_lmt_disableupdate":"no","_lmt_disable":"","_monsterinsights_skip_tracking":false,"_monsterinsights_sitenote_active":false,"_monsterinsights_sitenote_note":"","_monsterinsights_sitenote_category":0,"_uf_show_specific_survey":0,"_uf_disable_surveys":false,"footnotes":""},"class_list":["post-1395","page","type-page","status-publish","hentry"],"_links":{"self":[{"href":"https:\/\/cabinetdupesage.be\/index.php\/wp-json\/wp\/v2\/pages\/1395","targetHints":{"allow":["GET"]}}],"collection":[{"href":"https:\/\/cabinetdupesage.be\/index.php\/wp-json\/wp\/v2\/pages"}],"about":[{"href":"https:\/\/cabinetdupesage.be\/index.php\/wp-json\/wp\/v2\/types\/page"}],"author":[{"embeddable":true,"href":"https:\/\/cabinetdupesage.be\/index.php\/wp-json\/wp\/v2\/users\/1"}],"replies":[{"embeddable":true,"href":"https:\/\/cabinetdupesage.be\/index.php\/wp-json\/wp\/v2\/comments?post=1395"}],"version-history":[{"count":4,"href":"https:\/\/cabinetdupesage.be\/index.php\/wp-json\/wp\/v2\/pages\/1395\/revisions"}],"predecessor-version":[{"id":1400,"href":"https:\/\/cabinetdupesage.be\/index.php\/wp-json\/wp\/v2\/pages\/1395\/revisions\/1400"}],"wp:attachment":[{"href":"https:\/\/cabinetdupesage.be\/index.php\/wp-json\/wp\/v2\/media?parent=1395"}],"curies":[{"name":"wp","href":"https:\/\/api.w.org\/{rel}","templated":true}]}}