{"id":1345,"date":"2020-07-04T12:23:00","date_gmt":"2020-07-04T10:23:00","guid":{"rendered":"https:\/\/cabinetdupesage.be\/?page_id=1345"},"modified":"2021-02-10T08:58:06","modified_gmt":"2021-02-10T07:58:06","slug":"collaboration","status":"publish","type":"page","link":"https:\/\/cabinetdupesage.be\/index.php\/collaboration\/","title":{"rendered":"Collaboration"},"content":{"rendered":"\n<p>Le cabinet dentaire du Pesage et le cabinet dentaire d&rsquo;Ophain recherchent un(e) collaborateur (trice) ou un(e) stagiaire de derni\u00e8re ann\u00e9e passionn\u00e9(e) par tout ce qui touche aux nouvelles technologies et qui d\u00e9sirerait se former ou se perfectionner dans ce domaine en vue d&rsquo;une collaboration sur du long terme.<\/p>\n\n\n\n<p>Voici les technologies que nous utilisons sur nos deux sites:<\/p>\n\n\n\n<ul class=\"wp-block-list\"><li>empreinte optique, mod\u00e9lisation, usinage et assemblage de couronnes, inlays, facettes, piliers implantaires gr\u00e2ce \u00e0 la technologie Cerec (15 ans d&rsquo;exp\u00e9rience)<\/li><li>r\u00e9alisation digitale au sein de notre propre laboratoire, dirig\u00e9 par une proth\u00e9siste dipl\u00f4m\u00e9e, de proth\u00e8ses amovibles, de goutti\u00e8res anti-bruxisme, de goutti\u00e8res de traitement orthodontique, de guides chirurgicaux, de couronnes et bridges en Zircone multilayer, &#8230; Ceci  gr\u00e2ce \u00e0 deux imprimantes 3D \u00e0 une usineuse 5 axes.<\/li><li>planification implantaire digitale des cas simples et complexes en vue de la r\u00e9alisation de guides chirurgicaux.<\/li><li>c\u00f4ne beam pour l&rsquo;\u00e9tude des cas implantaires et la recherche d&rsquo;infections<\/li><li>studio photo et scan facial 3D du visage pour les \u00e9tudes des cas esth\u00e9tiques<\/li><li>traitements laser assist\u00e9s gr\u00e2ce \u00e0 nos trois lasers (LLLT, diode et Er-Yag)<\/li><li>endodontie sous-microscope<\/li><\/ul>\n\n\n\n<p>La collaboration est possible le mardi, mercredi et jeudi sur Ixelles (<a rel=\"noreferrer noopener\" href=\"http:\/\/www.cabinetdupesage.be\" target=\"_blank\">http:\/\/www.cabinetdupesage.be<\/a>)<\/p>\n\n\n\n<p>La collaboration est possible le mardi, vendredi et samedi sur Ophain (<a rel=\"noreferrer noopener\" href=\"http:\/\/www.dentiste-ophain.be\" target=\"_blank\">http:\/\/www.dentiste-ophain.be<\/a>)<\/p>\n\n\n\n<p>Envoyez nous un mail<a href=\"mailto:dentiste@micheli.be\" target=\"_blank\" rel=\"noreferrer noopener\"> ici <\/a>pour poser votre candidature<\/p>\n","protected":false},"excerpt":{"rendered":"<p>Le cabinet dentaire du Pesage et le cabinet dentaire d&rsquo;Ophain recherchent un(e) collaborateur (trice) ou un(e) stagiaire de derni\u00e8re ann\u00e9e [&hellip;]<\/p>\n","protected":false},"author":1,"featured_media":0,"parent":0,"menu_order":0,"comment_status":"closed","ping_status":"closed","template":"","meta":{"om_disable_all_campaigns":false,"_lmt_disableupdate":"no","_lmt_disable":"","_monsterinsights_skip_tracking":false,"_monsterinsights_sitenote_active":false,"_monsterinsights_sitenote_note":"","_monsterinsights_sitenote_category":0,"_uf_show_specific_survey":0,"_uf_disable_surveys":false,"footnotes":""},"class_list":["post-1345","page","type-page","status-publish","hentry"],"_links":{"self":[{"href":"https:\/\/cabinetdupesage.be\/index.php\/wp-json\/wp\/v2\/pages\/1345","targetHints":{"allow":["GET"]}}],"collection":[{"href":"https:\/\/cabinetdupesage.be\/index.php\/wp-json\/wp\/v2\/pages"}],"about":[{"href":"https:\/\/cabinetdupesage.be\/index.php\/wp-json\/wp\/v2\/types\/page"}],"author":[{"embeddable":true,"href":"https:\/\/cabinetdupesage.be\/index.php\/wp-json\/wp\/v2\/users\/1"}],"replies":[{"embeddable":true,"href":"https:\/\/cabinetdupesage.be\/index.php\/wp-json\/wp\/v2\/comments?post=1345"}],"version-history":[{"count":6,"href":"https:\/\/cabinetdupesage.be\/index.php\/wp-json\/wp\/v2\/pages\/1345\/revisions"}],"predecessor-version":[{"id":1351,"href":"https:\/\/cabinetdupesage.be\/index.php\/wp-json\/wp\/v2\/pages\/1345\/revisions\/1351"}],"wp:attachment":[{"href":"https:\/\/cabinetdupesage.be\/index.php\/wp-json\/wp\/v2\/media?parent=1345"}],"curies":[{"name":"wp","href":"https:\/\/api.w.org\/{rel}","templated":true}]}}