{"id":1050,"date":"2020-04-30T15:40:53","date_gmt":"2020-04-30T13:40:53","guid":{"rendered":"http:\/\/cabinetdupesage.be\/cabinetdupesage\/?page_id=1050"},"modified":"2020-05-03T16:40:43","modified_gmt":"2020-05-03T14:40:43","slug":"endodontie-sous-microscope","status":"publish","type":"page","link":"https:\/\/cabinetdupesage.be\/index.php\/endodontie-sous-microscope\/","title":{"rendered":"Endodontie sous microscope"},"content":{"rendered":"\n<figure class=\"wp-block-image size-large\"><img loading=\"lazy\" decoding=\"async\" width=\"456\" height=\"304\" src=\"http:\/\/cabinetdupesage.be\/wp-content\/uploads\/2020\/04\/endo-micro456x305.jpg\" alt=\"\" class=\"wp-image-55\" srcset=\"https:\/\/cabinetdupesage.be\/wp-content\/uploads\/2020\/04\/endo-micro456x305.jpg 456w, https:\/\/cabinetdupesage.be\/wp-content\/uploads\/2020\/04\/endo-micro456x305-300x200.jpg 300w\" sizes=\"auto, (max-width: 456px) 100vw, 456px\" \/><\/figure>\n\n\n\n<p>Toute dent est munie d\u2019une pulpe dentaire, c\u2019est-\u00e0-dire d\u2019un ensemble de fibres nerveuses et de vaisseaux sanguins. L\u2019endodontie est une discipline m\u00e9dicale qui traite les maladies de la pulpe dentaire.<\/p>\n\n\n\n<p>Comme les pulpes ne sont pas visibles \u00e0 l\u2019\u0153il nu, les dentistes sp\u00e9cialis\u00e9s ont recours au microscope afin de diagnostiquer la pr\u00e9sence d\u2019une inflammation ou infection du syst\u00e8me canalaire.<\/p>\n\n\n\n<p>Le microscope permet donc de sauver vos dents car il r\u00e9alise un grossissement jusqu\u2019\u00e0 x25. Cela facilite la t\u00e2che de votre dentiste et l\u2019aide \u00e0 retrouver les racines et les ramifications, de localiser la douleur et d\u2019\u00e9tablir son diagnostic.<\/p>\n\n\n\n<p>L\u2019endodontie sous microscope est donc la solution ultime pour conserver la dent.<\/p>\n\n\n\n<figure class=\"wp-block-image size-large\"><img loading=\"lazy\" decoding=\"async\" width=\"458\" height=\"173\" src=\"http:\/\/cabinetdupesage.be\/cabinetdupesage\/wp-content\/uploads\/2020\/04\/root-canal-therapy-steps458x174-2.jpg\" alt=\"\" class=\"wp-image-1054\" srcset=\"https:\/\/cabinetdupesage.be\/wp-content\/uploads\/2020\/04\/root-canal-therapy-steps458x174-2.jpg 458w, https:\/\/cabinetdupesage.be\/wp-content\/uploads\/2020\/04\/root-canal-therapy-steps458x174-2-300x113.jpg 300w\" sizes=\"auto, (max-width: 458px) 100vw, 458px\" \/><\/figure>\n\n\n\n<p><\/p>\n","protected":false},"excerpt":{"rendered":"<p>Toute dent est munie d\u2019une pulpe dentaire, c\u2019est-\u00e0-dire d\u2019un ensemble de fibres nerveuses et de vaisseaux sanguins. L\u2019endodontie est une [&hellip;]<\/p>\n","protected":false},"author":1,"featured_media":0,"parent":0,"menu_order":0,"comment_status":"closed","ping_status":"closed","template":"","meta":{"om_disable_all_campaigns":false,"_lmt_disableupdate":"","_lmt_disable":"","_monsterinsights_skip_tracking":false,"_monsterinsights_sitenote_active":false,"_monsterinsights_sitenote_note":"","_monsterinsights_sitenote_category":0,"_uf_show_specific_survey":0,"_uf_disable_surveys":false,"footnotes":""},"class_list":["post-1050","page","type-page","status-publish","hentry"],"_links":{"self":[{"href":"https:\/\/cabinetdupesage.be\/index.php\/wp-json\/wp\/v2\/pages\/1050","targetHints":{"allow":["GET"]}}],"collection":[{"href":"https:\/\/cabinetdupesage.be\/index.php\/wp-json\/wp\/v2\/pages"}],"about":[{"href":"https:\/\/cabinetdupesage.be\/index.php\/wp-json\/wp\/v2\/types\/page"}],"author":[{"embeddable":true,"href":"https:\/\/cabinetdupesage.be\/index.php\/wp-json\/wp\/v2\/users\/1"}],"replies":[{"embeddable":true,"href":"https:\/\/cabinetdupesage.be\/index.php\/wp-json\/wp\/v2\/comments?post=1050"}],"version-history":[{"count":3,"href":"https:\/\/cabinetdupesage.be\/index.php\/wp-json\/wp\/v2\/pages\/1050\/revisions"}],"predecessor-version":[{"id":1242,"href":"https:\/\/cabinetdupesage.be\/index.php\/wp-json\/wp\/v2\/pages\/1050\/revisions\/1242"}],"wp:attachment":[{"href":"https:\/\/cabinetdupesage.be\/index.php\/wp-json\/wp\/v2\/media?parent=1050"}],"curies":[{"name":"wp","href":"https:\/\/api.w.org\/{rel}","templated":true}]}}