{"id":1036,"date":"2020-04-30T15:24:01","date_gmt":"2020-04-30T13:24:01","guid":{"rendered":"http:\/\/cabinetdupesage.be\/cabinetdupesage\/?page_id=1036"},"modified":"2020-05-03T16:39:26","modified_gmt":"2020-05-03T14:39:26","slug":"imagerie-3d-par-cone-beam","status":"publish","type":"page","link":"https:\/\/cabinetdupesage.be\/index.php\/imagerie-3d-par-cone-beam\/","title":{"rendered":"Imagerie 3D par C\u00f4ne Beam"},"content":{"rendered":"\n<div class=\"wp-block-media-text alignwide has-media-on-the-right is-stacked-on-mobile\"><figure class=\"wp-block-media-text__media\"><img decoding=\"async\" src=\"http:\/\/cabinetdupesage.be\/cabinetdupesage\/wp-content\/uploads\/2020\/04\/19-implant-47-x12-cbct-full-u4660-fr-1.jpg\" alt=\"\" class=\"wp-image-771\"\/><\/figure><div class=\"wp-block-media-text__content\">\n<p>Le cone beam est un appareil d\u2019imagerie m\u00e9dicale qui fournit une image des maxillaires et des dents en trois dimensions.<\/p>\n\n\n\n<p>Il permet d\u2019identifier fractures, kystes, l\u00e9sions osseuses ou corps \u00e9trangers.<\/p>\n\n\n\n<p>Ce nouvel appareil est indiqu\u00e9 dans certains cas pr\u00e9cis.<\/p>\n<\/div><\/div>\n\n\n\n<p class=\"has-background has-medium-font-size has-cyan-bluish-gray-background-color\"><strong>En implantologie dentaire<\/strong><\/p>\n\n\n\n<div class=\"wp-block-media-text alignwide has-media-on-the-right is-stacked-on-mobile\"><figure class=\"wp-block-media-text__media\"><img loading=\"lazy\" decoding=\"async\" width=\"428\" height=\"218\" src=\"http:\/\/cabinetdupesage.be\/wp-content\/uploads\/2020\/04\/implant-2429x219-2.jpg\" alt=\"\" class=\"wp-image-979\" srcset=\"https:\/\/cabinetdupesage.be\/wp-content\/uploads\/2020\/04\/implant-2429x219-2.jpg 428w, https:\/\/cabinetdupesage.be\/wp-content\/uploads\/2020\/04\/implant-2429x219-2-300x153.jpg 300w\" sizes=\"auto, (max-width: 428px) 100vw, 428px\" \/><\/figure><div class=\"wp-block-media-text__content\">\n<p>Du fait de la pr\u00e9cision et de la fiabilit\u00e9 de ses mesures, le cone beam est indiqu\u00e9 pour pr\u00e9ciser la position d\u2019\u00e9l\u00e9ments anatomiques avant&nbsp;<a href=\"http:\/\/cabinetdupesage.be\/implantologie.html\">la pose d\u2019implants<\/a>&nbsp;ou l\u2019extraction chirurgicale des dents des sagesses inf\u00e9rieures incluses.<\/p>\n\n\n\n<p>Il permet \u00e9galement gr\u00e2ce \u00e0 la num\u00e9risation en 3D des dents de cr\u00e9er des guides implantaires.<\/p>\n<\/div><\/div>\n\n\n\n<p class=\"has-background has-medium-font-size has-cyan-bluish-gray-background-color\">En endodontie (traitement des racines)<\/p>\n\n\n\n<div class=\"wp-block-media-text alignwide has-media-on-the-right is-stacked-on-mobile\"><figure class=\"wp-block-media-text__media\"><img loading=\"lazy\" decoding=\"async\" width=\"444\" height=\"237\" src=\"http:\/\/cabinetdupesage.be\/wp-content\/uploads\/2020\/04\/19-implant-47-x12-cbct-full-u2782-fr-1.jpg\" alt=\"\" class=\"wp-image-770\" srcset=\"https:\/\/cabinetdupesage.be\/wp-content\/uploads\/2020\/04\/19-implant-47-x12-cbct-full-u2782-fr-1.jpg 444w, https:\/\/cabinetdupesage.be\/wp-content\/uploads\/2020\/04\/19-implant-47-x12-cbct-full-u2782-fr-1-300x160.jpg 300w\" sizes=\"auto, (max-width: 444px) 100vw, 444px\" \/><\/figure><div class=\"wp-block-media-text__content\">\n<p>En seconde intention lorsque la radiologie conventionnelle n\u2019apporte pas des informations suffisantes.<\/p>\n<\/div><\/div>\n\n\n\n<div style=\"height:20px\" aria-hidden=\"true\" class=\"wp-block-spacer\"><\/div>\n\n\n\n<p class=\"has-background has-medium-font-size has-cyan-bluish-gray-background-color\">En chirurgie buccale<\/p>\n\n\n\n<div class=\"wp-block-media-text alignwide has-media-on-the-right is-stacked-on-mobile\"><figure class=\"wp-block-media-text__media\"><img loading=\"lazy\" decoding=\"async\" width=\"431\" height=\"270\" src=\"http:\/\/cabinetdupesage.be\/wp-content\/uploads\/2020\/04\/endo431x270.jpg\" alt=\"\" class=\"wp-image-54\" srcset=\"https:\/\/cabinetdupesage.be\/wp-content\/uploads\/2020\/04\/endo431x270.jpg 431w, https:\/\/cabinetdupesage.be\/wp-content\/uploads\/2020\/04\/endo431x270-300x188.jpg 300w\" sizes=\"auto, (max-width: 431px) 100vw, 431px\" \/><\/figure><div class=\"wp-block-media-text__content\">\n<p>Pour rep\u00e9rer des kystes ou des tumeurs b\u00e9nignes, pour des bilans infectieux, dents de sagesse, dents incluses et troubles de l\u2019\u00e9ruption.<\/p>\n\n\n\n<p>En chirurgie maxillo-faciale et en traumatologie<\/p>\n<\/div><\/div>\n\n\n\n<p class=\"has-background has-medium-font-size has-cyan-bluish-gray-background-color\">En orthodontie<\/p>\n\n\n\n<div class=\"wp-block-media-text alignwide has-media-on-the-right is-stacked-on-mobile\"><figure class=\"wp-block-media-text__media\"><img loading=\"lazy\" decoding=\"async\" width=\"431\" height=\"283\" src=\"http:\/\/cabinetdupesage.be\/wp-content\/uploads\/2020\/04\/inclusion431x283.jpg\" alt=\"\" class=\"wp-image-110\" srcset=\"https:\/\/cabinetdupesage.be\/wp-content\/uploads\/2020\/04\/inclusion431x283.jpg 431w, https:\/\/cabinetdupesage.be\/wp-content\/uploads\/2020\/04\/inclusion431x283-300x197.jpg 300w\" sizes=\"auto, (max-width: 431px) 100vw, 431px\" \/><\/figure><div class=\"wp-block-media-text__content\">\n<p>Pour rep\u00e9rer la position de dents incluses<\/p>\n<\/div><\/div>\n\n\n\n<p class=\"has-background has-medium-font-size has-cyan-bluish-gray-background-color\">Guides chirurgicaux<\/p>\n\n\n\n<div class=\"wp-block-media-text alignwide has-media-on-the-right is-stacked-on-mobile\"><figure class=\"wp-block-media-text__media\"><img loading=\"lazy\" decoding=\"async\" width=\"676\" height=\"169\" src=\"http:\/\/cabinetdupesage.be\/wp-content\/uploads\/2020\/04\/digitalxrays-1024x256676x169.jpg\" alt=\"\" class=\"wp-image-42\" srcset=\"https:\/\/cabinetdupesage.be\/wp-content\/uploads\/2020\/04\/digitalxrays-1024x256676x169.jpg 676w, https:\/\/cabinetdupesage.be\/wp-content\/uploads\/2020\/04\/digitalxrays-1024x256676x169-300x75.jpg 300w\" sizes=\"auto, (max-width: 676px) 100vw, 676px\" \/><\/figure><div class=\"wp-block-media-text__content\">\n<p>La mod\u00e9lisation en trois dimensions peut permettre l\u2019\u00e9laboration de guides chirurgicaux. Assist\u00e9 par informatique, le praticien va ainsi cr\u00e9er avec pr\u00e9cision un dispositif&nbsp;permettant, dans le cas de l\u2019implantologie, de fixer la proth\u00e8se dentaire en tenant compte de la morphologie du patient, comme par exemple dans le cas d\u2019une masse osseuse r\u00e9duite.<\/p>\n<\/div><\/div>\n","protected":false},"excerpt":{"rendered":"<p>Le cone beam est un appareil d\u2019imagerie m\u00e9dicale qui fournit une image des maxillaires et des dents en trois dimensions. [&hellip;]<\/p>\n","protected":false},"author":1,"featured_media":0,"parent":0,"menu_order":0,"comment_status":"closed","ping_status":"closed","template":"","meta":{"om_disable_all_campaigns":false,"_lmt_disableupdate":"","_lmt_disable":"","_monsterinsights_skip_tracking":false,"_monsterinsights_sitenote_active":false,"_monsterinsights_sitenote_note":"","_monsterinsights_sitenote_category":0,"_uf_show_specific_survey":0,"_uf_disable_surveys":false,"footnotes":""},"class_list":["post-1036","page","type-page","status-publish","hentry"],"_links":{"self":[{"href":"https:\/\/cabinetdupesage.be\/index.php\/wp-json\/wp\/v2\/pages\/1036","targetHints":{"allow":["GET"]}}],"collection":[{"href":"https:\/\/cabinetdupesage.be\/index.php\/wp-json\/wp\/v2\/pages"}],"about":[{"href":"https:\/\/cabinetdupesage.be\/index.php\/wp-json\/wp\/v2\/types\/page"}],"author":[{"embeddable":true,"href":"https:\/\/cabinetdupesage.be\/index.php\/wp-json\/wp\/v2\/users\/1"}],"replies":[{"embeddable":true,"href":"https:\/\/cabinetdupesage.be\/index.php\/wp-json\/wp\/v2\/comments?post=1036"}],"version-history":[{"count":10,"href":"https:\/\/cabinetdupesage.be\/index.php\/wp-json\/wp\/v2\/pages\/1036\/revisions"}],"predecessor-version":[{"id":1241,"href":"https:\/\/cabinetdupesage.be\/index.php\/wp-json\/wp\/v2\/pages\/1036\/revisions\/1241"}],"wp:attachment":[{"href":"https:\/\/cabinetdupesage.be\/index.php\/wp-json\/wp\/v2\/media?parent=1036"}],"curies":[{"name":"wp","href":"https:\/\/api.w.org\/{rel}","templated":true}]}}